{"id":663,"date":"2023-01-04T16:26:00","date_gmt":"2023-01-04T16:26:00","guid":{"rendered":"https:\/\/www.paberaombra.com\/?page_id=663"},"modified":"2023-01-17T11:55:41","modified_gmt":"2023-01-17T11:55:41","slug":"politica-de-privacidad","status":"publish","type":"page","link":"https:\/\/www.paberaombra.com\/de\/politica-de-privacidad\/","title":{"rendered":"Pol\u00edtica de privacidad"},"content":{"rendered":"<div data-elementor-type=\"wp-page\" data-elementor-id=\"663\" class=\"elementor elementor-663\" data-elementor-post-type=\"page\">\n\t\t\t\t\t\t<section class=\"elementor-section elementor-top-section elementor-element elementor-element-eb9ec85 elementor-section-boxed elementor-section-height-default elementor-section-height-default\" data-id=\"eb9ec85\" data-element_type=\"section\">\n\t\t\t\t\t\t<div class=\"elementor-container elementor-column-gap-default\">\n\t\t\t\t\t<div class=\"elementor-column elementor-col-100 elementor-top-column elementor-element elementor-element-1331891\" data-id=\"1331891\" data-element_type=\"column\">\n\t\t\t<div class=\"elementor-widget-wrap\">\n\t\t\t\t\t\t\t<\/div>\n\t\t<\/div>\n\t\t\t\t\t<\/div>\n\t\t<\/section>\n\t\t\t\t<section class=\"elementor-section elementor-top-section elementor-element elementor-element-e41a4b9 elementor-section-boxed elementor-section-height-default elementor-section-height-default\" data-id=\"e41a4b9\" data-element_type=\"section\">\n\t\t\t\t\t\t<div class=\"elementor-container elementor-column-gap-default\">\n\t\t\t\t\t<div class=\"elementor-column elementor-col-100 elementor-top-column elementor-element elementor-element-3e9778b\" data-id=\"3e9778b\" data-element_type=\"column\">\n\t\t\t<div class=\"elementor-widget-wrap elementor-element-populated\">\n\t\t\t\t\t\t<div class=\"elementor-element elementor-element-5d11896 de_scroll_animation_no elementor-widget elementor-widget-text-editor\" data-id=\"5d11896\" data-element_type=\"widget\" data-widget_type=\"text-editor.default\">\n\t\t\t\t<div class=\"elementor-widget-container\">\n\t\t\t\t\t\t\t\t\t<h3>DATENSCHUTZ-BESTIMMUNGEN<\/h3>\n<p>Zuletzt aktualisiert: Januar 2023.<\/p>\n<p><strong>1.&nbsp;INFORMACI\u00d3N AL USUARIO<\/strong><\/p>\n<p>PABERA OMBRA, S.L., als Verantwortlicher f\u00fcr die Behandlung, informiert Sie dar\u00fcber, dass gem\u00e4\u00df den Bestimmungen der Verordnung (EU) 2016\/679 vom 27. April (RGPD) und im L.O. 3\/2018, vom 5. Dezember, Datenschutz und Gew\u00e4hrleistung digitaler Rechte (LOPDGDD), werden wir Ihre Daten gem\u00e4\u00df dieser Datenschutzrichtlinie behandeln.<\/p>\n<p>In dieser Datenschutzrichtlinie beschreiben wir, wie wir Ihre personenbezogenen Daten erheben und warum wir sie erheben, was wir damit tun, mit wem wir sie teilen, wie wir sie sch\u00fctzen und Ihre Wahlm\u00f6glichkeiten bez\u00fcglich der Verarbeitung Ihrer personenbezogenen Daten.<\/p>\n<p>Diese Richtlinie gilt f\u00fcr die Verarbeitung Ihrer personenbezogenen Daten, die das Unternehmen zur Erbringung seiner Dienstleistungen erfasst. Wenn Sie die Ma\u00dfnahmen in dieser Richtlinie akzeptieren, stimmen Sie zu, dass wir Ihre personenbezogenen Daten wie in dieser Richtlinie definiert behandeln.<\/p>\n<p><strong>2. KONTAKT<\/strong><\/p>\n<p><strong>Soziale Konfession:<\/strong> PABERA OMBRA, S.L.<br><strong>Handelsname:<\/strong> PABERA OMBRA<br><strong>CIF:<\/strong> B02746816<br><strong>Die Anschrift:<\/strong> Cam\u00ed del Gremi de Sucrers i Candelers, 14 Pol. Ind. Son Castell\u00f3 07009 Palma de Mallorca (Spanien)<br><strong>Email:<\/strong> info.baleares@paberaombra.com<\/p>\n<p><strong>3. GRUNDPRINZIPIEN<\/strong><\/p>\n<p>Wir haben uns immer verpflichtet, unsere Dienstleistungen mit einem H\u00f6chstma\u00df an Qualit\u00e4t zu erbringen, was den sicheren und transparenten Umgang mit Ihren Daten einschlie\u00dft. Unsere Prinzipien sind:<\/p>\n<ul>\n<li><strong>Rechtm\u00e4\u00dfigkeit<\/strong>: Solo recopilaremos sus Datos personales para fines espec\u00edficos,&nbsp;expl\u00edcitos y leg\u00edtimos.<\/li>\n<li><strong>Datenminimierung<\/strong>: Wir beschr\u00e4nken die Erhebung personenbezogener Daten auf das, was f\u00fcr die Zwecke, f\u00fcr die sie erhoben wurden, unbedingt relevant und erforderlich ist.<\/li>\n<li><strong>Zweckbindung<\/strong>: Wir erheben Ihre personenbezogenen Daten nur zu den angegebenen Zwecken und nur nach Ihren W\u00fcnschen.<\/li>\n<li><strong>Pr\u00e4zision<\/strong>: Wir halten Ihre personenbezogenen Daten korrekt und aktuell.<\/li>\n<li><strong>Datensicherheit<\/strong>: Wir wenden angemessene technische und organisatorische Ma\u00dfnahmen an, die den Risiken angemessen sind, um sicherzustellen, dass Ihre Daten nicht besch\u00e4digt werden, wie z. B. unbefugte Offenlegung oder unbefugter Zugriff, versehentliche oder rechtswidrige Zerst\u00f6rung oder versehentlicher Verlust oder \u00c4nderung und jede andere Form der rechtswidrigen Verarbeitung.<\/li>\n<li><strong>Zugriff und Berichtigung<\/strong>: Wir haben die M\u00f6glichkeit, auf Ihre Daten zuzugreifen oder sie zu berichtigen, wenn Sie dies f\u00fcr angemessen halten.<\/li>\n<li><strong>Erhaltung<\/strong>: Wir speichern Ihre personenbezogenen Daten rechtm\u00e4\u00dfig und angemessen und nur so lange, wie es f\u00fcr die Zwecke, f\u00fcr die sie erhoben wurden, erforderlich ist.<\/li>\n<li><strong>Internationale \u00dcberweisungen<\/strong>: cuando se d\u00e9 el caso de que sus datos vayan a ser transferidos fuera de la UE\/EEE se proteger\u00e1n adecuadamente.<\/li>\n<li><strong>Dritte<\/strong>: Der Zugriff und die Weitergabe personenbezogener Daten an Dritte erfolgen in \u00dcbereinstimmung mit den geltenden Gesetzen und Vorschriften und mit den entsprechenden vertraglichen Garantien.<\/li>\n<li><strong>Direktmarketing und Cookies<\/strong>: Cumplimos con la legislaci\u00f3n aplicable en materia de publicidad y cookies.<\/li>\n<\/ul>\n<div>&nbsp;<\/div>\n<p><strong>4. COLLECTE ET TRAITEMENT DE VOS DONNEES PERSONNELLES<\/strong><br>Die Arten von Daten, die angefordert und verarbeitet werden k\u00f6nnen, sind:<\/p>\n<ul>\n<li>Identifikationsdaten.<\/li>\n<\/ul>\n<p>Tambi\u00e9n recogemos de forma autom\u00e1tica datos sobre su visita a nuestro sitio web&nbsp; seg\u00fan se describe en la pol\u00edtica de cookies.<\/p>\n<p>Wann immer wir Ihre personenbezogenen Daten anfordern, werden wir Sie klar dar\u00fcber informieren, welche personenbezogenen Daten wir zu welchem \u200b\u200bZweck erheben. Im Allgemeinen erheben und verarbeiten wir Ihre personenbezogenen Daten zu folgenden Zwecken:<\/p>\n<ul>\n<li>Bereitstellung von Informationen, Dienstleistungen, Produkten, relevanten Informationen und Neuigkeiten in der Branche.<\/li>\n<li>Senden von Mitteilungen.<\/li>\n<\/ul>\n<div>&nbsp;<\/div>\n<p><strong>5. RECHTM\u00c4SSIGKEIT<\/strong><\/p>\n<p>In \u00dcbereinstimmung mit den geltenden Datenschutzbestimmungen d\u00fcrfen Ihre personenbezogenen Daten verarbeitet werden, sofern:<\/p>\n<ul>\n<li>F\u00fcr die Zwecke der Verarbeitung haben Sie uns Ihre Einwilligung erteilt. Selbstverst\u00e4ndlich k\u00f6nnen Sie Ihre Einwilligung jederzeit widerrufen.<\/li>\n<li>Nach gesetzlicher Vorgabe.<\/li>\n<li>Weil es ein berechtigtes Interesse gibt, das nicht durch Ihre Datenschutzrechte beeintr\u00e4chtigt wird, wie z. B. das Versenden von kommerziellen Informationen, entweder durch das Abonnieren unseres Newsletters oder als Kunde.<\/li>\n<li>Weil es f\u00fcr die Erbringung einer unserer Dienstleistungen im Rahmen einer Vertragsbeziehung zwischen Ihnen und uns erforderlich ist.<\/li>\n<\/ul>\n<div>&nbsp;<\/div>\n<p><strong>6. MITTEILUNG PERSONENBEZOGENER DATEN<\/strong><\/p>\n<p>Los datos pueden ser comunicados a empresas relacionadas con&nbsp;Pabera Ombra, S.L.&nbsp;para la prestaci\u00f3n de los diversos servicios en calidad de Encargados del Tratamiento. La empresa no realizar\u00e1 ninguna cesi\u00f3n, salvo por obligaci\u00f3n legal.<\/p>\n<p><strong>7. IHRE RECHTE<\/strong><\/p>\n<p>In Bezug auf die Erhebung und Verarbeitung Ihrer personenbezogenen Daten k\u00f6nnen Sie sich jederzeit an uns wenden:<\/p>\n<ul>\n<li>Acceder a sus datos personales y a cualquier otra&nbsp;informaci\u00f3n indicada en el Art\u00edculo 15.1 del RGPD.<\/li>\n<li>Berichtigung Ihrer unrichtigen oder unvollst\u00e4ndigen personenbezogenen Daten gem\u00e4\u00df Artikel 16 der DSGVO.<\/li>\n<li>L\u00f6schen Sie Ihre personenbezogenen Daten gem\u00e4\u00df Artikel 17 der DSGVO.<\/li>\n<li>Einschr\u00e4nkung der Verarbeitung Ihrer personenbezogenen Daten gem\u00e4\u00df Artikel 18 DSGVO.<\/li>\n<li class=\"translation-block\">Fordern Sie die \u00dcbertragbarkeit Ihrer Daten gem\u00e4\u00df Artikel 20 der DSGVO an.<\/li>\n<li>Widersprechen Sie der Verarbeitung Ihrer personenbezogenen Daten gem\u00e4\u00df Artikel 21 der DSGVO.<\/li>\n<\/ul>\n<p class=\"translation-block\">Wenn Sie Ihre Einwilligung f\u00fcr einen bestimmten Zweck erteilt haben, haben Sie das Recht, die erteilte Einwilligung jederzeit zu widerrufen, ohne dass die Rechtm\u00e4\u00dfigkeit der Behandlung aufgrund der Einwilligung vor ihrem Widerruf ber\u00fchrt wird HR.<\/p>\n<p>Sie k\u00f6nnen diese Rechte aus\u00fcben, indem Sie eine begr\u00fcndete und akkreditierte Mitteilung an info.baleares@paberaombra.com senden<\/p>\n<p>Sie haben auch das Recht, bei der zust\u00e4ndigen Kontrollbeh\u00f6rde (<a class=\"rank-math-link\" href=\"https:\/\/aepd.es\/\" target=\"_blank\" rel=\"noopener\">www.aepd.es<\/a>), wenn Sie der Meinung sind, dass die Behandlung nicht den geltenden Vorschriften entspricht.<\/p>\n<p><strong>8. RECHTLICHE INFORMATIONEN<\/strong><br>Die Anforderungen dieser Richtlinie erg\u00e4nzen und ersetzen keine anderen bestehenden Anforderungen gem\u00e4\u00df dem anwendbaren Datenschutzrecht, das in jedem Fall Vorrang hat.<\/p>\n<p>Diese Richtlinie wird regelm\u00e4\u00dfig \u00fcberpr\u00fcft und kann vom Unternehmen jederzeit ge\u00e4ndert werden. In diesem Fall werden wir Sie \u00fcber alle \u00c4nderungen informieren und Sie bitten, die neueste Version unserer Richtlinie erneut zu lesen und Ihre Zustimmung zu best\u00e4tigen.<\/p>\t\t\t\t\t\t\t\t<\/div>\n\t\t\t\t<\/div>\n\t\t\t\t\t<\/div>\n\t\t<\/div>\n\t\t\t\t\t<\/div>\n\t\t<\/section>\n\t\t\t\t<\/div>","protected":false},"excerpt":{"rendered":"<p>POLITICA DE PRIVACIDAD \u00daltima actualizaci\u00f3n: Enero 2023. 1.&nbsp;INFORMACI\u00d3N AL USUARIO PABERA OMBRA, S.L., como Responsable del Tratamiento, le informa que, seg\u00fan lo dispuesto en el Reglamento (UE) 2016\/679, de 27 de abril, (RGPD) y en la L.O. 3\/2018, de 5 de diciembre, de protecci\u00f3n de datos y garant\u00eda de los derechos digitales (LOPDGDD), trataremos su [&hellip;]<\/p>","protected":false},"author":3,"featured_media":0,"parent":0,"menu_order":0,"comment_status":"closed","ping_status":"closed","template":"elementor_header_footer","meta":{"footnotes":""},"class_list":["post-663","page","type-page","status-publish","hentry"],"yoast_head":"<!-- This site is optimized with the Yoast SEO plugin v25.6 - https:\/\/yoast.com\/wordpress\/plugins\/seo\/ -->\n<title>Pol\u00edtica de privacidad - Pabera Ombra<\/title>\n<meta name=\"description\" content=\"Pabera Ombra es una empresa dedicada a dise\u00f1ar y ejecutar soluciones innovadoras para terrazas y espacios exteriores.\" \/>\n<meta name=\"robots\" content=\"index, follow, max-snippet:-1, max-image-preview:large, max-video-preview:-1\" \/>\n<link rel=\"canonical\" href=\"https:\/\/www.paberaombra.com\/de\/politica-de-privacidad\/\" \/>\n<meta property=\"og:locale\" content=\"de_DE\" \/>\n<meta property=\"og:type\" content=\"article\" \/>\n<meta property=\"og:title\" content=\"Pol\u00edtica de privacidad - Pabera Ombra\" \/>\n<meta property=\"og:description\" content=\"Pabera Ombra es una empresa dedicada a dise\u00f1ar y ejecutar soluciones innovadoras para terrazas y espacios exteriores.\" \/>\n<meta property=\"og:url\" content=\"https:\/\/www.paberaombra.com\/de\/politica-de-privacidad\/\" \/>\n<meta property=\"og:site_name\" content=\"Pabera Ombra\" \/>\n<meta property=\"article:publisher\" content=\"https:\/\/www.facebook.com\/paberaombra\" \/>\n<meta property=\"article:modified_time\" content=\"2023-01-17T11:55:41+00:00\" \/>\n<meta name=\"twitter:card\" content=\"summary_large_image\" \/>\n<meta name=\"twitter:label1\" content=\"Gesch\u00e4tzte Lesezeit\" \/>\n\t<meta name=\"twitter:data1\" content=\"5\u00a0Minuten\" \/>\n<script type=\"application\/ld+json\" class=\"yoast-schema-graph\">{\"@context\":\"https:\/\/schema.org\",\"@graph\":[{\"@type\":\"WebPage\",\"@id\":\"https:\/\/www.paberaombra.com\/politica-de-privacidad\/\",\"url\":\"https:\/\/www.paberaombra.com\/politica-de-privacidad\/\",\"name\":\"Pol\u00edtica de privacidad - Pabera Ombra\",\"isPartOf\":{\"@id\":\"https:\/\/www.paberaombra.com\/#website\"},\"datePublished\":\"2023-01-04T16:26:00+00:00\",\"dateModified\":\"2023-01-17T11:55:41+00:00\",\"description\":\"Pabera Ombra es una empresa dedicada a dise\u00f1ar y ejecutar soluciones innovadoras para terrazas y espacios exteriores.\",\"breadcrumb\":{\"@id\":\"https:\/\/www.paberaombra.com\/politica-de-privacidad\/#breadcrumb\"},\"inLanguage\":\"de\",\"potentialAction\":[{\"@type\":\"ReadAction\",\"target\":[\"https:\/\/www.paberaombra.com\/politica-de-privacidad\/\"]}]},{\"@type\":\"BreadcrumbList\",\"@id\":\"https:\/\/www.paberaombra.com\/politica-de-privacidad\/#breadcrumb\",\"itemListElement\":[{\"@type\":\"ListItem\",\"position\":1,\"name\":\"Home\",\"item\":\"https:\/\/www.paberaombra.com\/\"},{\"@type\":\"ListItem\",\"position\":2,\"name\":\"Pol\u00edtica de privacidad\"}]},{\"@type\":\"WebSite\",\"@id\":\"https:\/\/www.paberaombra.com\/#website\",\"url\":\"https:\/\/www.paberaombra.com\/\",\"name\":\"Pabera Ombra\",\"description\":\"Outdoor Equipment Solutions\",\"publisher\":{\"@id\":\"https:\/\/www.paberaombra.com\/#organization\"},\"potentialAction\":[{\"@type\":\"SearchAction\",\"target\":{\"@type\":\"EntryPoint\",\"urlTemplate\":\"https:\/\/www.paberaombra.com\/?s={search_term_string}\"},\"query-input\":{\"@type\":\"PropertyValueSpecification\",\"valueRequired\":true,\"valueName\":\"search_term_string\"}}],\"inLanguage\":\"de\"},{\"@type\":\"Organization\",\"@id\":\"https:\/\/www.paberaombra.com\/#organization\",\"name\":\"Pabera Ombra\",\"alternateName\":\"Pabera Ombra\",\"url\":\"https:\/\/www.paberaombra.com\/\",\"logo\":{\"@type\":\"ImageObject\",\"inLanguage\":\"de\",\"@id\":\"https:\/\/www.paberaombra.com\/#\/schema\/logo\/image\/\",\"url\":\"https:\/\/www.paberaombra.com\/wp-content\/uploads\/2022\/12\/LOGO-PABERA-OMBRA_NEGRO-HORIZONTAL-SIN-FONDO.png\",\"contentUrl\":\"https:\/\/www.paberaombra.com\/wp-content\/uploads\/2022\/12\/LOGO-PABERA-OMBRA_NEGRO-HORIZONTAL-SIN-FONDO.png\",\"width\":4594,\"height\":1095,\"caption\":\"Pabera Ombra\"},\"image\":{\"@id\":\"https:\/\/www.paberaombra.com\/#\/schema\/logo\/image\/\"},\"sameAs\":[\"https:\/\/www.facebook.com\/paberaombra\",\"https:\/\/www.instagram.com\/paberaombra\/\"]}]}<\/script>\n<!-- \/ Yoast SEO plugin. -->","yoast_head_json":{"title":"Pol\u00edtica de privacidad - Pabera Ombra","description":"Pabera Ombra es una empresa dedicada a dise\u00f1ar y ejecutar soluciones innovadoras para terrazas y espacios exteriores.","robots":{"index":"index","follow":"follow","max-snippet":"max-snippet:-1","max-image-preview":"max-image-preview:large","max-video-preview":"max-video-preview:-1"},"canonical":"https:\/\/www.paberaombra.com\/de\/politica-de-privacidad\/","og_locale":"de_DE","og_type":"article","og_title":"Pol\u00edtica de privacidad - Pabera Ombra","og_description":"Pabera Ombra es una empresa dedicada a dise\u00f1ar y ejecutar soluciones innovadoras para terrazas y espacios exteriores.","og_url":"https:\/\/www.paberaombra.com\/de\/politica-de-privacidad\/","og_site_name":"Pabera Ombra","article_publisher":"https:\/\/www.facebook.com\/paberaombra","article_modified_time":"2023-01-17T11:55:41+00:00","twitter_card":"summary_large_image","twitter_misc":{"Gesch\u00e4tzte Lesezeit":"5\u00a0Minuten"},"schema":{"@context":"https:\/\/schema.org","@graph":[{"@type":"WebPage","@id":"https:\/\/www.paberaombra.com\/politica-de-privacidad\/","url":"https:\/\/www.paberaombra.com\/politica-de-privacidad\/","name":"Pol\u00edtica de privacidad - Pabera Ombra","isPartOf":{"@id":"https:\/\/www.paberaombra.com\/#website"},"datePublished":"2023-01-04T16:26:00+00:00","dateModified":"2023-01-17T11:55:41+00:00","description":"Pabera Ombra es una empresa dedicada a dise\u00f1ar y ejecutar soluciones innovadoras para terrazas y espacios exteriores.","breadcrumb":{"@id":"https:\/\/www.paberaombra.com\/politica-de-privacidad\/#breadcrumb"},"inLanguage":"de","potentialAction":[{"@type":"ReadAction","target":["https:\/\/www.paberaombra.com\/politica-de-privacidad\/"]}]},{"@type":"BreadcrumbList","@id":"https:\/\/www.paberaombra.com\/politica-de-privacidad\/#breadcrumb","itemListElement":[{"@type":"ListItem","position":1,"name":"Home","item":"https:\/\/www.paberaombra.com\/"},{"@type":"ListItem","position":2,"name":"Pol\u00edtica de privacidad"}]},{"@type":"WebSite","@id":"https:\/\/www.paberaombra.com\/#website","url":"https:\/\/www.paberaombra.com\/","name":"Pabera Ombra","description":"Outdoor Equipment Solutions","publisher":{"@id":"https:\/\/www.paberaombra.com\/#organization"},"potentialAction":[{"@type":"SearchAction","target":{"@type":"EntryPoint","urlTemplate":"https:\/\/www.paberaombra.com\/?s={search_term_string}"},"query-input":{"@type":"PropertyValueSpecification","valueRequired":true,"valueName":"search_term_string"}}],"inLanguage":"de"},{"@type":"Organization","@id":"https:\/\/www.paberaombra.com\/#organization","name":"Pabera Ombra","alternateName":"Pabera Ombra","url":"https:\/\/www.paberaombra.com\/","logo":{"@type":"ImageObject","inLanguage":"de","@id":"https:\/\/www.paberaombra.com\/#\/schema\/logo\/image\/","url":"https:\/\/www.paberaombra.com\/wp-content\/uploads\/2022\/12\/LOGO-PABERA-OMBRA_NEGRO-HORIZONTAL-SIN-FONDO.png","contentUrl":"https:\/\/www.paberaombra.com\/wp-content\/uploads\/2022\/12\/LOGO-PABERA-OMBRA_NEGRO-HORIZONTAL-SIN-FONDO.png","width":4594,"height":1095,"caption":"Pabera Ombra"},"image":{"@id":"https:\/\/www.paberaombra.com\/#\/schema\/logo\/image\/"},"sameAs":["https:\/\/www.facebook.com\/paberaombra","https:\/\/www.instagram.com\/paberaombra\/"]}]}},"_links":{"self":[{"href":"https:\/\/www.paberaombra.com\/de\/wp-json\/wp\/v2\/pages\/663","targetHints":{"allow":["GET"]}}],"collection":[{"href":"https:\/\/www.paberaombra.com\/de\/wp-json\/wp\/v2\/pages"}],"about":[{"href":"https:\/\/www.paberaombra.com\/de\/wp-json\/wp\/v2\/types\/page"}],"author":[{"embeddable":true,"href":"https:\/\/www.paberaombra.com\/de\/wp-json\/wp\/v2\/users\/3"}],"replies":[{"embeddable":true,"href":"https:\/\/www.paberaombra.com\/de\/wp-json\/wp\/v2\/comments?post=663"}],"version-history":[{"count":0,"href":"https:\/\/www.paberaombra.com\/de\/wp-json\/wp\/v2\/pages\/663\/revisions"}],"wp:attachment":[{"href":"https:\/\/www.paberaombra.com\/de\/wp-json\/wp\/v2\/media?parent=663"}],"curies":[{"name":"wp","href":"https:\/\/api.w.org\/{rel}","templated":true}]}}